{"id":5827,"date":"2024-01-02T11:12:02","date_gmt":"2024-01-02T10:12:02","guid":{"rendered":"https:\/\/www.numeryx.fr\/terms-of-use\/"},"modified":"2024-09-12T10:15:22","modified_gmt":"2024-09-12T08:15:22","slug":"terms-of-use","status":"publish","type":"page","link":"https:\/\/www.numeryx.fr\/en\/terms-of-use\/","title":{"rendered":"Terms of use"},"content":{"rendered":"\n<p><strong>This site is published by :<\/strong><\/p>\n\n<p><strong>NUMERYX TECHNOLOGIES<\/strong><\/p>\n\n<p>NUMERYX TECHNOLOGIES is a soci\u00e9t\u00e9 par actions simplifi\u00e9e (simplified joint stock company), registered under the SIREN number 750507493.<\/p>\n\n<p>Head office: Immeuble Le Volta 17 rue Jeanne Braconniers, 92360 MEUDON<\/p>\n\n<p>Publication manager: Mondher AYADI<\/p>\n\n<p>Email: <a href=\"mailto:webmaster@numeryx.fr\" target=\"_blank\" rel=\"noreferrer noopener\">webmaster@numeryx.fr.<\/a><\/p>\n\n<p><strong>Site hosting :<\/strong><\/p>\n\n<p><strong>OVH<\/strong><\/p>\n\n<p>SAS with capital of \u20ac10,174,560<\/p>\n\n<p>RCS Lille M\u00e9tropole 424 761 419 00045<\/p>\n\n<p>APE code 2620Z<\/p>\n\n<p>VAT NO.: FR 22 424 761 419<\/p>\n\n<p>Head office: 2 rue Kellermann &#8211; 59100 Roubaix &#8211; France<\/p>\n\n<p>OVH SAS is a subsidiary of OVH Groupe SA, a company registered with the Lille Trade and Companies Register under number 537 407 926, located at 2, rue Kellermann, 59100 Roubaix.<\/p>\n\n<p><strong>Copyright and intellectual property<\/strong><\/p>\n\n<p>The owner of the site is the owner of the intellectual property rights or holds the rights of use on all the elements accessible on the site, in particular the texts, images, graphics, logos, icons, sounds, software&#8230;<\/p>\n\n<p>Any reproduction, representation, modification, publication, total or partial adaptation of the elements of the site, whatever the means or the process used, is prohibited, except prior written authorization to the email: <a href=\"mailto:webmaster@numeryx.fr\" rel=\"noreferrer noopener\" target=\"_blank\">webmaster@numeryx.fr.<\/a><\/p>\n\n<p>Any unauthorized use of the site or of any of the elements it contains will be considered as constituting an infringement and will be prosecuted in accordance with the provisions of articles L.335-2 et seq. of the French Intellectual Property Code.<\/p>\n\n<p><strong>Hyperlinks contained on the site<\/strong><\/p>\n\n<p>The www.numeryx.fr site contains a number of hypertext links to other sites (partners, information, etc.) set up with the authorization of the site owner.\nHowever, the owner of the www.numeryx.fr site is not in a position to check the content of sites visited in this way, and therefore declines all responsibility for any risks of illicit content. <\/p>\n","protected":false},"excerpt":{"rendered":"<p>This site is [&hellip;]<\/p>\n","protected":false},"author":3,"featured_media":0,"parent":0,"menu_order":0,"comment_status":"closed","ping_status":"closed","template":"","meta":{"_acf_changed":false,"footnotes":""},"class_list":["post-5827","page","type-page","status-publish","hentry"],"acf":[],"yoast_head":"<!-- This site is optimized with the Yoast SEO plugin v26.6 - https:\/\/yoast.com\/wordpress\/plugins\/seo\/ -->\n<title>Terms of use - Numeryx<\/title>\n<meta name=\"description\" content=\"Terms of use %\" \/>\n<meta name=\"robots\" content=\"index, follow, max-snippet:-1, max-image-preview:large, max-video-preview:-1\" \/>\n<link rel=\"canonical\" href=\"https:\/\/www.numeryx.fr\/en\/terms-of-use\/\" \/>\n<meta property=\"og:locale\" content=\"en_US\" \/>\n<meta property=\"og:type\" content=\"article\" \/>\n<meta property=\"og:title\" content=\"Terms of use - Numeryx\" \/>\n<meta property=\"og:description\" content=\"Terms of use %\" \/>\n<meta property=\"og:url\" content=\"https:\/\/www.numeryx.fr\/en\/terms-of-use\/\" \/>\n<meta property=\"og:site_name\" content=\"Numeryx\" \/>\n<meta property=\"article:publisher\" content=\"https:\/\/www.facebook.com\/numeryx\/\" \/>\n<meta property=\"article:modified_time\" content=\"2024-09-12T08:15:22+00:00\" \/>\n<meta name=\"twitter:card\" content=\"summary_large_image\" \/>\n<meta name=\"twitter:site\" content=\"@numeryx\" \/>\n<script type=\"application\/ld+json\" class=\"yoast-schema-graph\">{\"@context\":\"https:\/\/schema.org\",\"@graph\":[{\"@type\":\"WebPage\",\"@id\":\"https:\/\/www.numeryx.fr\/en\/terms-of-use\/\",\"url\":\"https:\/\/www.numeryx.fr\/en\/terms-of-use\/\",\"name\":\"Terms of use - Numeryx\",\"isPartOf\":{\"@id\":\"https:\/\/www.numeryx.fr\/en\/#website\"},\"datePublished\":\"2024-01-02T10:12:02+00:00\",\"dateModified\":\"2024-09-12T08:15:22+00:00\",\"description\":\"Terms of use %\",\"breadcrumb\":{\"@id\":\"https:\/\/www.numeryx.fr\/en\/terms-of-use\/#breadcrumb\"},\"inLanguage\":\"en-US\",\"potentialAction\":[{\"@type\":\"ReadAction\",\"target\":[\"https:\/\/www.numeryx.fr\/en\/terms-of-use\/\"]}]},{\"@type\":\"BreadcrumbList\",\"@id\":\"https:\/\/www.numeryx.fr\/en\/terms-of-use\/#breadcrumb\",\"itemListElement\":[{\"@type\":\"ListItem\",\"position\":1,\"name\":\"Accueil\",\"item\":\"https:\/\/www.numeryx.fr\/en\/home\/\"},{\"@type\":\"ListItem\",\"position\":2,\"name\":\"Terms of use\"}]},{\"@type\":\"WebSite\",\"@id\":\"https:\/\/www.numeryx.fr\/en\/#website\",\"url\":\"https:\/\/www.numeryx.fr\/en\/\",\"name\":\"Numeryx\",\"description\":\"Conseil en IT &amp; \u00e9dition logiciel technologique\",\"publisher\":{\"@id\":\"https:\/\/www.numeryx.fr\/en\/#organization\"},\"alternateName\":\"Numeryx\",\"potentialAction\":[{\"@type\":\"SearchAction\",\"target\":{\"@type\":\"EntryPoint\",\"urlTemplate\":\"https:\/\/www.numeryx.fr\/en\/?s={search_term_string}\"},\"query-input\":{\"@type\":\"PropertyValueSpecification\",\"valueRequired\":true,\"valueName\":\"search_term_string\"}}],\"inLanguage\":\"en-US\"},{\"@type\":\"Organization\",\"@id\":\"https:\/\/www.numeryx.fr\/en\/#organization\",\"name\":\"Numeryx\",\"url\":\"https:\/\/www.numeryx.fr\/en\/\",\"logo\":{\"@type\":\"ImageObject\",\"inLanguage\":\"en-US\",\"@id\":\"https:\/\/www.numeryx.fr\/en\/#\/schema\/logo\/image\/\",\"url\":\"https:\/\/www.numeryx.fr\/file\/2024\/03\/conseil-et-integration.jpg\",\"contentUrl\":\"https:\/\/www.numeryx.fr\/file\/2024\/03\/conseil-et-integration.jpg\",\"width\":1920,\"height\":500,\"caption\":\"Numeryx\"},\"image\":{\"@id\":\"https:\/\/www.numeryx.fr\/en\/#\/schema\/logo\/image\/\"},\"sameAs\":[\"https:\/\/www.facebook.com\/numeryx\/\",\"https:\/\/x.com\/numeryx\"]}]}<\/script>\n<!-- \/ Yoast SEO plugin. -->","yoast_head_json":{"title":"Terms of use - Numeryx","description":"Terms of use %","robots":{"index":"index","follow":"follow","max-snippet":"max-snippet:-1","max-image-preview":"max-image-preview:large","max-video-preview":"max-video-preview:-1"},"canonical":"https:\/\/www.numeryx.fr\/en\/terms-of-use\/","og_locale":"en_US","og_type":"article","og_title":"Terms of use - Numeryx","og_description":"Terms of use %","og_url":"https:\/\/www.numeryx.fr\/en\/terms-of-use\/","og_site_name":"Numeryx","article_publisher":"https:\/\/www.facebook.com\/numeryx\/","article_modified_time":"2024-09-12T08:15:22+00:00","twitter_card":"summary_large_image","twitter_site":"@numeryx","schema":{"@context":"https:\/\/schema.org","@graph":[{"@type":"WebPage","@id":"https:\/\/www.numeryx.fr\/en\/terms-of-use\/","url":"https:\/\/www.numeryx.fr\/en\/terms-of-use\/","name":"Terms of use - Numeryx","isPartOf":{"@id":"https:\/\/www.numeryx.fr\/en\/#website"},"datePublished":"2024-01-02T10:12:02+00:00","dateModified":"2024-09-12T08:15:22+00:00","description":"Terms of use %","breadcrumb":{"@id":"https:\/\/www.numeryx.fr\/en\/terms-of-use\/#breadcrumb"},"inLanguage":"en-US","potentialAction":[{"@type":"ReadAction","target":["https:\/\/www.numeryx.fr\/en\/terms-of-use\/"]}]},{"@type":"BreadcrumbList","@id":"https:\/\/www.numeryx.fr\/en\/terms-of-use\/#breadcrumb","itemListElement":[{"@type":"ListItem","position":1,"name":"Accueil","item":"https:\/\/www.numeryx.fr\/en\/home\/"},{"@type":"ListItem","position":2,"name":"Terms of use"}]},{"@type":"WebSite","@id":"https:\/\/www.numeryx.fr\/en\/#website","url":"https:\/\/www.numeryx.fr\/en\/","name":"Numeryx","description":"Conseil en IT &amp; \u00e9dition logiciel technologique","publisher":{"@id":"https:\/\/www.numeryx.fr\/en\/#organization"},"alternateName":"Numeryx","potentialAction":[{"@type":"SearchAction","target":{"@type":"EntryPoint","urlTemplate":"https:\/\/www.numeryx.fr\/en\/?s={search_term_string}"},"query-input":{"@type":"PropertyValueSpecification","valueRequired":true,"valueName":"search_term_string"}}],"inLanguage":"en-US"},{"@type":"Organization","@id":"https:\/\/www.numeryx.fr\/en\/#organization","name":"Numeryx","url":"https:\/\/www.numeryx.fr\/en\/","logo":{"@type":"ImageObject","inLanguage":"en-US","@id":"https:\/\/www.numeryx.fr\/en\/#\/schema\/logo\/image\/","url":"https:\/\/www.numeryx.fr\/file\/2024\/03\/conseil-et-integration.jpg","contentUrl":"https:\/\/www.numeryx.fr\/file\/2024\/03\/conseil-et-integration.jpg","width":1920,"height":500,"caption":"Numeryx"},"image":{"@id":"https:\/\/www.numeryx.fr\/en\/#\/schema\/logo\/image\/"},"sameAs":["https:\/\/www.facebook.com\/numeryx\/","https:\/\/x.com\/numeryx"]}]}},"_links":{"self":[{"href":"https:\/\/www.numeryx.fr\/en\/wp-json\/wp\/v2\/pages\/5827","targetHints":{"allow":["GET"]}}],"collection":[{"href":"https:\/\/www.numeryx.fr\/en\/wp-json\/wp\/v2\/pages"}],"about":[{"href":"https:\/\/www.numeryx.fr\/en\/wp-json\/wp\/v2\/types\/page"}],"author":[{"embeddable":true,"href":"https:\/\/www.numeryx.fr\/en\/wp-json\/wp\/v2\/users\/3"}],"replies":[{"embeddable":true,"href":"https:\/\/www.numeryx.fr\/en\/wp-json\/wp\/v2\/comments?post=5827"}],"version-history":[{"count":1,"href":"https:\/\/www.numeryx.fr\/en\/wp-json\/wp\/v2\/pages\/5827\/revisions"}],"predecessor-version":[{"id":5828,"href":"https:\/\/www.numeryx.fr\/en\/wp-json\/wp\/v2\/pages\/5827\/revisions\/5828"}],"wp:attachment":[{"href":"https:\/\/www.numeryx.fr\/en\/wp-json\/wp\/v2\/media?parent=5827"}],"curies":[{"name":"wp","href":"https:\/\/api.w.org\/{rel}","templated":true}]}}